{"id":32987,"date":"2026-01-14T13:24:12","date_gmt":"2026-01-14T13:24:12","guid":{"rendered":"https:\/\/clearingtheair.eu\/suecia-lleva-su-caso-de-dejar-de-fumar-al-parlamento-britanico\/"},"modified":"2026-01-14T13:50:13","modified_gmt":"2026-01-14T13:50:13","slug":"suecia-lleva-su-caso-de-dejar-de-fumar-al-parlamento-britanico","status":"publish","type":"page","link":"https:\/\/clearingtheair.eu\/es\/suecia-lleva-su-caso-de-dejar-de-fumar-al-parlamento-britanico\/","title":{"rendered":"Suecia lleva su caso de \u00abdejar de fumar\u00bb al Parlamento brit\u00e1nico"},"content":{"rendered":"\n<p><strong>El historial de Suecia en materia de reducci\u00f3n del consumo de tabaco se ha presentado ante los legisladores brit\u00e1nicos. Los activistas y expertos instaron al Parlamento a seguir las pruebas que demuestran que la reducci\u00f3n de da\u00f1os disminuye las tasas de tabaquismo, mientras que las prohibiciones alimentan los mercados il\u00edcitos y ralentizan el progreso. <\/strong><\/p>\n\n<p>En un acto en Westminster organizado por Quit Like Sweden, los ponentes se basaron en datos del Reino Unido, Suecia y otros pa\u00edses para argumentar que el acceso a alternativas m\u00e1s seguras a la nicotina sigue siendo una de las formas m\u00e1s eficaces de reducir las enfermedades y muertes relacionadas con el tabaquismo.  <\/p>\n\n<p>La reuni\u00f3n se produjo en un momento en que los gobiernos de toda Europa endurecen las restricciones sobre los productos de nicotina, y el Parlamento brit\u00e1nico debate el proyecto de ley sobre tabaco y vapes en un momento en que los cigarrillos siguen siendo la principal causa de mortalidad evitable.<\/p>\n\n<h3 class=\"wp-block-heading\"><strong>El historial sueco de reducci\u00f3n de da\u00f1os<\/strong><\/h3>\n\n<p><a href=\"https:\/\/quitlikesweden.org\" rel=\"nofollow noopener\" target=\"_blank\">Quit Like Sweden<\/a> se fund\u00f3 para poner de relieve el enfoque sueco de reducci\u00f3n de da\u00f1os, que da prioridad al acceso a alternativas de menor riesgo como el snus, las bolsitas de nicotina y el vapeo.  <\/p>\n\n<p>Suecia ha alcanzado la <a href=\"https:\/\/clearingtheair.eu\/en\/?post_types=&amp;s=sweden\">prevalencia de tabaquismo m\u00e1s baja<\/a> del mundo, con algo m\u00e1s del 5%, junto con tasas de c\u00e1ncer, enfermedades cardiovasculares y muerte prematura relacionadas con el tabaquismo significativamente m\u00e1s bajas que la media de la UE.<\/p>\n\n<p>Los ponentes afirmaron que la experiencia sueca demuestra que los beneficios para la salud p\u00fablica se aceleran cuando se ofrecen a los fumadores opciones pr\u00e1cticas y de menor riesgo, en lugar de obligarles a dejar la nicotina por completo.<\/p>\n\n<h3 class=\"wp-block-heading\"><strong>Pruebas debatidas en el Parlamento<\/strong><\/h3>\n\n<p>En lugar de presentar un caso unilateral, la sesi\u00f3n parlamentaria se estructur\u00f3 como un debate formal. El experto en reducci\u00f3n de da\u00f1os del tabaco Clive Bates asumi\u00f3 deliberadamente el papel de esc\u00e9ptico, exponiendo los argumentos que suelen esgrimir los responsables pol\u00edticos centrados en la prohibici\u00f3n. <\/p>\n\n<p>Los organizadores afirmaron que este enfoque reforzaba la pol\u00edtica basada en pruebas, en contraste con los foros internacionales de control del tabaco, en los que los grupos de consumidores y los cient\u00edficos discrepantes suelen quedar excluidos de los debates.<\/p>\n\n<p>El ex presidente de la Nueva Alianza Nicotina, Martin Cullip, advirti\u00f3 de que los procesos mundiales de control del tabaco est\u00e1n cada vez m\u00e1s aislados de los datos del mundo real, a pesar de que la reducci\u00f3n de da\u00f1os est\u00e1 expl\u00edcitamente reconocida en el tratado sobre el tabaco de la Organizaci\u00f3n Mundial de la Salud.<\/p>\n\n<h3 class=\"wp-block-heading\"><strong>Qu\u00e9 ayuda a los fumadores a dejar de fumar<\/strong><\/h3>\n\n<p>M\u00e1s all\u00e1 de la filosof\u00eda pol\u00edtica, los ponentes se centraron en lo que ayuda a los fumadores a dejar de fumar. El farmac\u00f3logo Bernhard Mayer afirm\u00f3 que el acceso a una gama de potencias de nicotina es esencial para evitar la reca\u00edda, sobre todo entre los fumadores de larga duraci\u00f3n o muy dependientes. <\/p>\n\n<p>El Dr. Garrett McGovern, especialista en adicciones, argument\u00f3 que el placer desempe\u00f1a un papel fundamental, y que los sabores y la satisfacci\u00f3n con el producto suelen marcar la diferencia entre el cambio parcial y el abandono total del tabaco. El consumo regular por s\u00ed solo, dijo, no debe confundirse con una adicci\u00f3n perjudicial. <\/p>\n\n<h3 class=\"wp-block-heading\"><strong>Impuestos, regulaci\u00f3n y consecuencias imprevistas<\/strong><\/h3>\n\n<p>La pol\u00edtica econ\u00f3mica tambi\u00e9n ocup\u00f3 un lugar destacado. El experto canadiense en pol\u00edtica jur\u00eddica y sanitaria David Sweanor afirm\u00f3 que el \u00e9xito de Suecia se aceler\u00f3 al hacer que los cigarrillos fueran significativamente m\u00e1s caros que las alternativas m\u00e1s seguras, como el snus.   <\/p>\n\n<p>Aplicar impuestos uniformes a todos los productos de nicotina, argument\u00f3, s\u00f3lo tiene sentido si el objetivo es eliminar el consumo de nicotina y no reducir las muertes y las enfermedades.<\/p>\n\n<p>Preocupaciones similares est\u00e1n dando forma al debate en el Reino Unido. La Asociaci\u00f3n de la Industria del Vapeo del Reino Unido ha <a href=\"https:\/\/ukvia.co.uk\/ukvia-submits-comprehensive-evidence-to-dhscs-call-for-evidence-on-the-tobacco-vapes-bill\/\" rel=\"nofollow noopener\" target=\"_blank\">presentado pruebas<\/a> al Ministerio de Sanidad y Asistencia Social advirtiendo de que la regulaci\u00f3n en virtud de la Ley del Tabaco y el Vapeo debe preservar el papel del vapeo como herramienta para dejar de fumar. <\/p>\n\n<p>La asociaci\u00f3n tambi\u00e9n ha advertido de que la aplicaci\u00f3n de la ley debe centrarse en los comerciantes il\u00edcitos m\u00e1s que en las empresas que cumplen la normativa, ya que los productos ilegales distorsionan cada vez m\u00e1s el mercado.<\/p>\n\n<h3 class=\"wp-block-heading\"><strong>Datos de mercado y debate sobre el sabor<\/strong><\/h3>\n\n<p>Se citaron datos de mercado para subrayar los riesgos de consecuencias no deseadas. <a href=\"https:\/\/vapecould.com\/blogs\/news\/science-speaks-at-uk-parliament-harm-reduction-combats-smoking-and-prohibition-feeds-the-illicit-market\" rel=\"nofollow noopener\" target=\"_blank\">Los an\u00e1lisis del Vape Club<\/a> muestran que, tras la prohibici\u00f3n en 2025 de los vapeadores desechables, los usuarios adultos se pasaron r\u00e1pidamente a los dispositivos recargables, reduciendo los residuos de pilas de un solo uso en un 70%, seg\u00fan las estimaciones.<\/p>\n\n<p>Sin embargo, la incoherencia de las pr\u00e1cticas de venta al por menor y el aumento de los costes est\u00e1n socavando estos logros, mientras que los datos muestran que los sabores siguen siendo fundamentales para dejar de fumar.  <\/p>\n\n<p>La gran mayor\u00eda de los adultos que consiguen dejar los cigarrillos conf\u00edan en los sabores sin tabaco, y los consumidores duales dependen especialmente de ellos para completar la transici\u00f3n y dejar de fumar.<\/p>\n\n<p>De cara al futuro, los ponentes advirtieron de que los nuevos impuestos propuestos para el vaping podr\u00edan reducir la diferencia de precios entre el tabaco y las alternativas m\u00e1s seguras, perjudicando especialmente a los fumadores con rentas m\u00e1s bajas y acelerando el comercio il\u00edcito.<\/p>\n","protected":false},"excerpt":{"rendered":"<p>El historial de Suecia en materia de reducci\u00f3n del consumo de tabaco se ha presentado ante los legisladores brit\u00e1nicos. Los activistas y expertos instaron al Parlamento a seguir las pruebas que demuestran que la reducci\u00f3n de da\u00f1os disminuye las tasas de tabaquismo,&hellip;<\/p>\n","protected":false},"author":1,"featured_media":33003,"parent":0,"menu_order":0,"comment_status":"closed","ping_status":"closed","template":"","meta":{"footnotes":""},"class_list":["post-32987","page","type-page","status-publish","has-post-thumbnail","hentry"],"_links":{"self":[{"href":"https:\/\/clearingtheair.eu\/es\/wp-json\/wp\/v2\/pages\/32987","targetHints":{"allow":["GET"]}}],"collection":[{"href":"https:\/\/clearingtheair.eu\/es\/wp-json\/wp\/v2\/pages"}],"about":[{"href":"https:\/\/clearingtheair.eu\/es\/wp-json\/wp\/v2\/types\/page"}],"author":[{"embeddable":true,"href":"https:\/\/clearingtheair.eu\/es\/wp-json\/wp\/v2\/users\/1"}],"replies":[{"embeddable":true,"href":"https:\/\/clearingtheair.eu\/es\/wp-json\/wp\/v2\/comments?post=32987"}],"version-history":[{"count":1,"href":"https:\/\/clearingtheair.eu\/es\/wp-json\/wp\/v2\/pages\/32987\/revisions"}],"predecessor-version":[{"id":32989,"href":"https:\/\/clearingtheair.eu\/es\/wp-json\/wp\/v2\/pages\/32987\/revisions\/32989"}],"wp:featuredmedia":[{"embeddable":true,"href":"https:\/\/clearingtheair.eu\/es\/wp-json\/wp\/v2\/media\/33003"}],"wp:attachment":[{"href":"https:\/\/clearingtheair.eu\/es\/wp-json\/wp\/v2\/media?parent=32987"}],"curies":[{"name":"wp","href":"https:\/\/api.w.org\/{rel}","templated":true}]}}