{"id":8187,"date":"2024-10-25T07:08:48","date_gmt":"2024-10-25T07:08:48","guid":{"rendered":"https:\/\/clearingtheair.eu\/infographics\/"},"modified":"2025-01-06T13:39:24","modified_gmt":"2025-01-06T13:39:24","slug":"infographics","status":"publish","type":"page","link":"https:\/\/clearingtheair.eu\/fr\/infographics\/","title":{"rendered":"Infographics"},"content":{"rendered":"<div class=\"clear-before-content-2\" style=\"margin-top: 20px;margin-bottom: 20px;margin-left: auto;margin-right: auto;text-align: center;\" id=\"clear-2436880558\"><img src=\"https:\/\/clearingtheair.eu\/wp-content\/uploads\/2026\/04\/caafc5c68900198b80aee12c11b50184.avif\" alt=\"\"   style=\"display: inline-block;\" \/><\/div>\t\t<div data-elementor-type=\"wp-page\" data-elementor-id=\"8187\" class=\"elementor elementor-8187 elementor-4293\" data-elementor-post-type=\"page\">\n\t\t\t\t\t\t<section class=\"elementor-section elementor-top-section elementor-element elementor-element-ba08be2 elementor-section-boxed elementor-section-height-default elementor-section-height-default\" data-id=\"ba08be2\" data-element_type=\"section\">\n\t\t\t\t\t\t<div class=\"elementor-container elementor-column-gap-extended\">\n\t\t\t\t\t<div class=\"elementor-column elementor-col-100 elementor-top-column elementor-element elementor-element-4a3941f sc_inner_width_none sc_content_align_inherit sc_layouts_column_icons_position_left\" data-id=\"4a3941f\" data-element_type=\"column\">\n\t\t\t<div class=\"elementor-widget-wrap elementor-element-populated\">\n\t\t\t\t\t\t<div class=\"elementor-element elementor-element-d56d624 sc_fly_static elementor-widget elementor-widget-spacer\" data-id=\"d56d624\" data-element_type=\"widget\" data-widget_type=\"spacer.default\">\n\t\t\t\t<div class=\"elementor-widget-container\">\n\t\t\t\t\t\t\t<div class=\"elementor-spacer\">\n\t\t\t<div class=\"elementor-spacer-inner\"><\/div>\n\t\t<\/div>\n\t\t\t\t\t\t<\/div>\n\t\t\t\t<\/div>\n\t\t\t\t<div class=\"elementor-element elementor-element-4837e3a sc_fly_static elementor-widget elementor-widget-heading\" data-id=\"4837e3a\" data-element_type=\"widget\" data-widget_type=\"heading.default\">\n\t\t\t\t<div class=\"elementor-widget-container\">\n\t\t\t\t\t<h6 class=\"elementor-heading-title elementor-size-default\">Apprendre et partager<\/h6>\t\t\t\t<\/div>\n\t\t\t\t<\/div>\n\t\t\t\t<div class=\"elementor-element elementor-element-601a8ff sc_fly_static elementor-widget elementor-widget-spacer\" data-id=\"601a8ff\" data-element_type=\"widget\" data-widget_type=\"spacer.default\">\n\t\t\t\t<div class=\"elementor-widget-container\">\n\t\t\t\t\t\t\t<div class=\"elementor-spacer\">\n\t\t\t<div class=\"elementor-spacer-inner\"><\/div>\n\t\t<\/div>\n\t\t\t\t\t\t<\/div>\n\t\t\t\t<\/div>\n\t\t\t\t<div class=\"elementor-element elementor-element-3172303 sc_fly_static elementor-widget elementor-widget-heading\" data-id=\"3172303\" data-element_type=\"widget\" data-widget_type=\"heading.default\">\n\t\t\t\t<div class=\"elementor-widget-container\">\n\t\t\t\t\t<h1 class=\"elementor-heading-title elementor-size-default\">Infographies<\/h1>\t\t\t\t<\/div>\n\t\t\t\t<\/div>\n\t\t\t\t<div class=\"elementor-element elementor-element-8b9885b sc_fly_static elementor-widget elementor-widget-spacer\" data-id=\"8b9885b\" data-element_type=\"widget\" data-widget_type=\"spacer.default\">\n\t\t\t\t<div class=\"elementor-widget-container\">\n\t\t\t\t\t\t\t<div class=\"elementor-spacer\">\n\t\t\t<div class=\"elementor-spacer-inner\"><\/div>\n\t\t<\/div>\n\t\t\t\t\t\t<\/div>\n\t\t\t\t<\/div>\n\t\t\t\t<div class=\"elementor-element elementor-element-c68856f sc_fly_static elementor-widget elementor-widget-text-editor\" data-id=\"c68856f\" data-element_type=\"widget\" data-widget_type=\"text-editor.default\">\n\t\t\t\t<div class=\"elementor-widget-container\">\n\t\t\t\t\t\t\t\t\t<p>Bienvenue dans la section infographies, o\u00f9 vous trouverez des informations concises et faciles \u00e0 comprendre sur divers sujets !<br \/>Si vous ne trouvez pas ce dont vous avez besoin, n&rsquo;h\u00e9sitez pas \u00e0 faire une demande et nous ferons de notre mieux pour r\u00e9pondre \u00e0 vos attentes.<\/p>\n\t\t\t\t\t\t\t\t<\/div>\n\t\t\t\t<\/div>\n\t\t\t\t<div class=\"elementor-element elementor-element-31b4eef sc_fly_static elementor-widget elementor-widget-spacer\" data-id=\"31b4eef\" data-element_type=\"widget\" data-widget_type=\"spacer.default\">\n\t\t\t\t<div class=\"elementor-widget-container\">\n\t\t\t\t\t\t\t<div class=\"elementor-spacer\">\n\t\t\t<div class=\"elementor-spacer-inner\"><\/div>\n\t\t<\/div>\n\t\t\t\t\t\t<\/div>\n\t\t\t\t<\/div>\n\t\t\t\t<div class=\"elementor-element elementor-element-33819f8 sc_fly_static elementor-widget elementor-widget-trx_sc_blogger\" data-id=\"33819f8\" data-element_type=\"widget\" data-widget_type=\"trx_sc_blogger.default\">\n\t\t\t\t<div class=\"elementor-widget-container\">\n\t\t\t\t\t<div  id=\"trx_sc_blogger_917898467\"\t\tclass=\"sc_blogger sc_blogger_default sc_blogger_default_classic_meta_simple\"><div class=\"sc_item_filters sc_blogger_filters sc_blogger_tabs sc_blogger_tabs_ajax sc_item_filters_align_center\" data-params=\"a:99:{s:4:&quot;type&quot;;s:7:&quot;default&quot;;s:9:&quot;post_type&quot;;s:4:&quot;post&quot;;s:8:&quot;taxonomy&quot;;s:8:&quot;category&quot;;s:12:&quot;show_filters&quot;;s:1:&quot;1&quot;;s:13:&quot;filters_title&quot;;s:0:&quot;&quot;;s:16:&quot;filters_subtitle&quot;;s:0:&quot;&quot;;s:19:&quot;filters_title_align&quot;;s:6:&quot;center&quot;;s:16:&quot;filters_taxonomy&quot;;s:8:&quot;category&quot;;s:14:&quot;filters_active&quot;;i:233;s:11:&quot;filters_ids&quot;;a:4:{i:0;s:3:&quot;233&quot;;i:1;s:3:&quot;235&quot;;i:2;s:3:&quot;236&quot;;i:3;s:3:&quot;234&quot;;}s:11:&quot;filters_all&quot;;s:0:&quot;&quot;;s:16:&quot;filters_all_text&quot;;s:0:&quot;&quot;;s:17:&quot;filters_more_text&quot;;s:10:&quot;More posts&quot;;s:10:&quot;meta_parts&quot;;a:2:{i:0;s:6:&quot;author&quot;;i:1;s:4:&quot;date&quot;;}s:14:&quot;image_position&quot;;s:3:&quot;top&quot;;s:11:&quot;image_width&quot;;s:2:&quot;40&quot;;s:11:&quot;image_ratio&quot;;s:3:&quot;4:3&quot;;s:11:&quot;date_format&quot;;s:0:&quot;&quot;;s:14:&quot;excerpt_length&quot;;s:0:&quot;&quot;;s:10:&quot;text_align&quot;;s:4:&quot;none&quot;;s:8:&quot;on_plate&quot;;s:0:&quot;&quot;;s:12:&quot;hide_excerpt&quot;;s:0:&quot;&quot;;s:8:&quot;no_links&quot;;s:0:&quot;&quot;;s:7:&quot;numbers&quot;;s:0:&quot;&quot;;s:9:&quot;more_text&quot;;s:0:&quot;&quot;;s:10:&quot;pagination&quot;;s:4:&quot;none&quot;;s:4:&quot;page&quot;;i:1;s:2:&quot;id&quot;;s:24:&quot;trx_sc_blogger_917898467&quot;;s:5:&quot;class&quot;;s:0:&quot;&quot;;s:9:&quot;className&quot;;s:0:&quot;&quot;;s:3:&quot;css&quot;;s:0:&quot;&quot;;s:5:&quot;title&quot;;s:0:&quot;&quot;;s:11:&quot;title_align&quot;;s:4:&quot;none&quot;;s:11:&quot;title_style&quot;;s:7:&quot;default&quot;;s:9:&quot;title_tag&quot;;s:4:&quot;none&quot;;s:11:&quot;title_color&quot;;s:0:&quot;&quot;;s:12:&quot;title_color2&quot;;s:0:&quot;&quot;;s:18:&quot;gradient_direction&quot;;s:1:&quot;0&quot;;s:8:&quot;subtitle&quot;;s:0:&quot;&quot;;s:14:&quot;subtitle_align&quot;;s:4:&quot;none&quot;;s:17:&quot;subtitle_position&quot;;s:5:&quot;above&quot;;s:11:&quot;description&quot;;s:0:&quot;&quot;;s:4:&quot;link&quot;;s:0:&quot;&quot;;s:10:&quot;link_style&quot;;s:7:&quot;default&quot;;s:10:&quot;link_image&quot;;s:0:&quot;&quot;;s:9:&quot;link_text&quot;;s:0:&quot;&quot;;s:10:&quot;new_window&quot;;i:0;s:5:&quot;typed&quot;;s:0:&quot;&quot;;s:13:&quot;typed_strings&quot;;s:0:&quot;&quot;;s:10:&quot;typed_loop&quot;;s:1:&quot;1&quot;;s:12:&quot;typed_cursor&quot;;s:1:&quot;1&quot;;s:17:&quot;typed_cursor_char&quot;;s:1:&quot;|&quot;;s:11:&quot;typed_color&quot;;s:0:&quot;&quot;;s:11:&quot;typed_speed&quot;;s:1:&quot;6&quot;;s:11:&quot;typed_delay&quot;;s:1:&quot;1&quot;;s:6:&quot;slider&quot;;b:0;s:17:&quot;slider_pagination&quot;;s:4:&quot;none&quot;;s:22:&quot;slider_pagination_type&quot;;s:7:&quot;bullets&quot;;s:24:&quot;slider_pagination_thumbs&quot;;i:0;s:15:&quot;slider_controls&quot;;s:4:&quot;none&quot;;s:12:&quot;slides_space&quot;;i:0;s:15:&quot;slides_centered&quot;;s:0:&quot;&quot;;s:15:&quot;slides_overflow&quot;;s:0:&quot;&quot;;s:18:&quot;slider_mouse_wheel&quot;;s:0:&quot;&quot;;s:15:&quot;slider_autoplay&quot;;s:1:&quot;1&quot;;s:3:&quot;cat&quot;;s:1:&quot;0&quot;;s:7:&quot;columns&quot;;i:3;s:14:&quot;columns_tablet&quot;;s:0:&quot;&quot;;s:14:&quot;columns_mobile&quot;;s:0:&quot;&quot;;s:5:&quot;count&quot;;i:50;s:6:&quot;offset&quot;;i:0;s:7:&quot;orderby&quot;;s:4:&quot;none&quot;;s:5:&quot;order&quot;;s:3:&quot;asc&quot;;s:3:&quot;ids&quot;;s:0:&quot;&quot;;s:16:&quot;template_default&quot;;s:19:&quot;classic_meta_simple&quot;;s:13:&quot;template_wide&quot;;s:7:&quot;default&quot;;s:13:&quot;template_list&quot;;s:6:&quot;simple&quot;;s:13:&quot;template_news&quot;;s:8:&quot;announce&quot;;s:16:&quot;template_excerpt&quot;;s:0:&quot;&quot;;s:16:&quot;template_classic&quot;;s:0:&quot;&quot;;s:16:&quot;template_masonry&quot;;s:0:&quot;&quot;;s:18:&quot;template_portfolio&quot;;s:0:&quot;&quot;;s:16:&quot;template_gallery&quot;;s:0:&quot;&quot;;s:14:&quot;template_chess&quot;;s:0:&quot;&quot;;s:38:&quot;template_blog-custom-blog-item-details&quot;;s:0:&quot;&quot;;s:11:&quot;count_extra&quot;;a:3:{s:4:&quot;unit&quot;;s:2:&quot;px&quot;;s:4:&quot;size&quot;;i:50;s:5:&quot;sizes&quot;;a:0:{}}s:13:&quot;columns_extra&quot;;a:3:{s:4:&quot;unit&quot;;s:2:&quot;px&quot;;s:4:&quot;size&quot;;i:3;s:5:&quot;sizes&quot;;a:0:{}}s:12:&quot;offset_extra&quot;;a:3:{s:4:&quot;unit&quot;;s:2:&quot;px&quot;;s:4:&quot;size&quot;;i:0;s:5:&quot;sizes&quot;;a:0:{}}s:17:&quot;image_width_extra&quot;;a:3:{s:4:&quot;unit&quot;;s:2:&quot;px&quot;;s:4:&quot;size&quot;;i:40;s:5:&quot;sizes&quot;;a:0:{}}s:18:&quot;slides_space_extra&quot;;a:3:{s:4:&quot;unit&quot;;s:2:&quot;px&quot;;s:4:&quot;size&quot;;i:0;s:5:&quot;sizes&quot;;a:0:{}}s:24:&quot;gradient_direction_extra&quot;;a:3:{s:4:&quot;unit&quot;;s:2:&quot;px&quot;;s:4:&quot;size&quot;;i:0;s:5:&quot;sizes&quot;;a:0:{}}s:17:&quot;typed_speed_extra&quot;;a:3:{s:4:&quot;unit&quot;;s:2:&quot;px&quot;;s:4:&quot;size&quot;;i:6;s:5:&quot;sizes&quot;;a:0:{}}s:17:&quot;typed_delay_extra&quot;;a:3:{s:4:&quot;unit&quot;;s:2:&quot;px&quot;;s:4:&quot;size&quot;;i:1;s:5:&quot;sizes&quot;;a:0:{}}s:10:&quot;link_extra&quot;;a:4:{s:3:&quot;url&quot;;s:0:&quot;&quot;;s:11:&quot;is_external&quot;;s:0:&quot;&quot;;s:8:&quot;nofollow&quot;;s:0:&quot;&quot;;s:17:&quot;custom_attributes&quot;;s:0:&quot;&quot;;}s:16:&quot;link_image_extra&quot;;a:3:{s:3:&quot;url&quot;;s:0:&quot;&quot;;s:2:&quot;id&quot;;s:0:&quot;&quot;;s:4:&quot;size&quot;;s:0:&quot;&quot;;}s:6:&quot;scheme&quot;;s:0:&quot;&quot;;s:11:&quot;color_style&quot;;s:7:&quot;default&quot;;s:5:&quot;hover&quot;;s:7:&quot;inherit&quot;;s:2:&quot;sc&quot;;s:10:&quot;sc_blogger&quot;;}\">\t\t\t<ul class=\"sc_item_filters_tabs\"><li><a href=\"#blogger_filters_233_content\"\r\n\t\t\t\t\t\t class=\"active\"\t\t\t\t\t\tdata-tab=\"233\"\r\n\t\t\t\t\t\tdata-page=\"1\">Vapotage<\/a><\/li><li><a href=\"#blogger_filters_235_content\"\r\n\t\t\t\t\t\t\t\t\t\t\t\tdata-tab=\"235\"\r\n\t\t\t\t\t\tdata-page=\"1\">Snus<\/a><\/li><li><a href=\"#blogger_filters_236_content\"\r\n\t\t\t\t\t\t\t\t\t\t\t\tdata-tab=\"236\"\r\n\t\t\t\t\t\tdata-page=\"1\">THR<\/a><\/li><li><a href=\"#blogger_filters_234_content\"\r\n\t\t\t\t\t\t\t\t\t\t\t\tdata-tab=\"234\"\r\n\t\t\t\t\t\tdata-page=\"1\">Sp\u00e9cifique au pays<\/a><\/li>\t\t\t<\/ul>\t<\/div><div class=\"sc_blogger_columns_wrap sc_item_columns sc_item_posts_container trx_addons_columns_wrap columns_padding_bottom columns_in_single_row\"><div class=\"trx_addons_column-1_3\"><div data-post-id=\"7751\" class=\"sc_blogger_item sc_blogger_item_default sc_blogger_item_default_classic_meta_simple sc_blogger_item_odd sc_blogger_item_align_none post_format_standard sc_blogger_item_with_image sc_blogger_item_image_position_top post-7751 post type-post status-publish format-standard has-post-thumbnail hentry category-vapotage\" data-item-number=\"1\"\n\t><div class=\"sc_blogger_item_body\"><div class=\"post_featured with_thumb hover_simple sc_item_featured sc_blogger_item_featured post_featured_bg\" data-ratio=\"4:3\"><span class=\"post_thumb blabber_inline_1418540456\"><\/span>\t\t\t\t\t\t<div class=\"mask\"><\/div>\n\t\t\t\t\t\t            <a href=\"https:\/\/clearingtheair.eu\/fr\/post\/why-we-should-think-twice-about-banning-disposable-vapes\/\"  aria-hidden=\"true\" class=\"icons\"><\/a>\n            <\/div><div class=\"sc_blogger_item_content entry-content\"><h5 class=\"sc_blogger_item_title entry-title\" data-item-number=\"1\"><a href=\"https:\/\/clearingtheair.eu\/fr\/post\/why-we-should-think-twice-about-banning-disposable-vapes\/\" rel=\"bookmark\">Why we should think twice about Banning Disposable Vapes<\/a><\/h5><div class=\"sc_blogger_item_excerpt\">Researchers at University College London tried to assess the impact of banning disposable vapes on both young people and adults in the UK, here&rsquo;s what they found&#8230;<\/div>\t\t<div class=\"post_meta sc_blogger_item_meta post_meta\">\n\t\t\t<a class=\"post_meta_item post_author\" rel=\"author\" href=\"https:\/\/clearingtheair.eu\/fr\/author\/ali-anderson\/\">by <span class=\"post_author_name\">Ali Anderson<\/span><\/a> <span class=\"post_meta_item post_date\"><a href=\"https:\/\/clearingtheair.eu\/fr\/post\/why-we-should-think-twice-about-banning-disposable-vapes\/\">f\u00e9vrier 29, 2024<\/a><\/span> \t\t<\/div><!-- .post_meta -->\n\t\t<\/div><!-- .entry-content --><\/div><!-- .sc_blogger_item_body --><\/div><!-- .sc_blogger_item --><\/div><div class=\"trx_addons_column-1_3\"><div data-post-id=\"7753\" class=\"sc_blogger_item sc_blogger_item_default sc_blogger_item_default_classic_meta_simple sc_blogger_item_even sc_blogger_item_align_none post_format_standard sc_blogger_item_with_image sc_blogger_item_image_position_top post-7753 post type-post status-publish format-standard has-post-thumbnail hentry category-vapotage\" data-item-number=\"2\"\n\t><div class=\"sc_blogger_item_body\"><div class=\"post_featured with_thumb hover_simple sc_item_featured sc_blogger_item_featured post_featured_bg\" data-ratio=\"4:3\"><span class=\"post_thumb blabber_inline_1697703683\"><\/span>\t\t\t\t\t\t<div class=\"mask\"><\/div>\n\t\t\t\t\t\t            <a href=\"https:\/\/clearingtheair.eu\/fr\/post\/vaping-vs-smoking-the-science-2\/\"  aria-hidden=\"true\" class=\"icons\"><\/a>\n            <\/div><div class=\"sc_blogger_item_content entry-content\"><h5 class=\"sc_blogger_item_title entry-title\" data-item-number=\"2\"><a href=\"https:\/\/clearingtheair.eu\/fr\/post\/vaping-vs-smoking-the-science-2\/\" rel=\"bookmark\">Vaping vs Smoking: The Science<\/a><\/h5><div class=\"sc_blogger_item_excerpt\">While there&rsquo;s a lot of debate about vaping&rsquo;s safety, when compared to smoking the science becomes much clearer<\/div>\t\t<div class=\"post_meta sc_blogger_item_meta post_meta\">\n\t\t\t<a class=\"post_meta_item post_author\" rel=\"author\" href=\"https:\/\/clearingtheair.eu\/fr\/author\/ali-anderson\/\">by <span class=\"post_author_name\">Ali Anderson<\/span><\/a> <span class=\"post_meta_item post_date\"><a href=\"https:\/\/clearingtheair.eu\/fr\/post\/vaping-vs-smoking-the-science-2\/\">f\u00e9vrier 29, 2024<\/a><\/span> \t\t<\/div><!-- .post_meta -->\n\t\t<\/div><!-- .entry-content --><\/div><!-- .sc_blogger_item_body --><\/div><!-- .sc_blogger_item --><\/div><div class=\"trx_addons_column-1_3\"><div data-post-id=\"7793\" class=\"sc_blogger_item sc_blogger_item_default sc_blogger_item_default_classic_meta_simple sc_blogger_item_odd sc_blogger_item_align_none post_format_standard sc_blogger_item_with_image sc_blogger_item_image_position_top post-7793 post type-post status-publish format-standard has-post-thumbnail hentry category-vapotage\" data-item-number=\"3\"\n\t><div class=\"sc_blogger_item_body\"><div class=\"post_featured with_thumb hover_simple sc_item_featured sc_blogger_item_featured post_featured_bg\" data-ratio=\"4:3\"><span class=\"post_thumb blabber_inline_2019478172\"><\/span>\t\t\t\t\t\t<div class=\"mask\"><\/div>\n\t\t\t\t\t\t            <a href=\"https:\/\/clearingtheair.eu\/fr\/post\/why-vape-flavours-matter\/\"  aria-hidden=\"true\" class=\"icons\"><\/a>\n            <\/div><div class=\"sc_blogger_item_content entry-content\"><h5 class=\"sc_blogger_item_title entry-title\" data-item-number=\"3\"><a href=\"https:\/\/clearingtheair.eu\/fr\/post\/why-vape-flavours-matter\/\" rel=\"bookmark\">Why Vape Flavours Matter<\/a><\/h5><div class=\"sc_blogger_item_excerpt\">Flavours are a crucial factor in helping individuals transition from traditional cigarettes to less harmful vaping products, and stay there. But as with many harm reduction efforts, their impact is often misunderstood.<\/div>\t\t<div class=\"post_meta sc_blogger_item_meta post_meta\">\n\t\t\t<a class=\"post_meta_item post_author\" rel=\"author\" href=\"https:\/\/clearingtheair.eu\/fr\/author\/ali-anderson\/\">by <span class=\"post_author_name\">Ali Anderson<\/span><\/a> <span class=\"post_meta_item post_date\"><a href=\"https:\/\/clearingtheair.eu\/fr\/post\/why-vape-flavours-matter\/\">f\u00e9vrier 20, 2024<\/a><\/span> \t\t<\/div><!-- .post_meta -->\n\t\t<\/div><!-- .entry-content --><\/div><!-- .sc_blogger_item_body --><\/div><!-- .sc_blogger_item --><\/div><\/div><\/div>\t\t\t\t<\/div>\n\t\t\t\t<\/div>\n\t\t\t\t<div class=\"elementor-element elementor-element-8f6b9d1 sc_fly_static elementor-widget elementor-widget-spacer\" data-id=\"8f6b9d1\" data-element_type=\"widget\" data-widget_type=\"spacer.default\">\n\t\t\t\t<div class=\"elementor-widget-container\">\n\t\t\t\t\t\t\t<div class=\"elementor-spacer\">\n\t\t\t<div class=\"elementor-spacer-inner\"><\/div>\n\t\t<\/div>\n\t\t\t\t\t\t<\/div>\n\t\t\t\t<\/div>\n\t\t\t\t\t<\/div>\n\t\t<\/div>\n\t\t\t\t\t<\/div>\n\t\t<\/section>\n\t\t\t\t<\/div>\n\t\t<div class=\"clear-after-content-2\" style=\"margin-top: 20px;margin-bottom: 20px;margin-left: auto;margin-right: auto;text-align: center;\" id=\"clear-2638607095\"><img src=\"https:\/\/clearingtheair.eu\/wp-content\/uploads\/2026\/04\/caafc5c68900198b80aee12c11b50184.avif\" alt=\"\"   style=\"display: inline-block;\" \/><\/div>","protected":false},"excerpt":{"rendered":"<p>Apprendre et partager Infographies Bienvenue dans la section infographies, o\u00f9 vous trouverez des informations concises et faciles \u00e0 comprendre sur divers sujets !Si vous ne trouvez pas ce dont vous avez besoin, n&rsquo;h\u00e9sitez pas \u00e0 faire une demande et nous ferons de&hellip;<\/p>\n","protected":false},"author":1,"featured_media":0,"parent":0,"menu_order":0,"comment_status":"closed","ping_status":"closed","template":"","meta":{"footnotes":""},"class_list":["post-8187","page","type-page","status-publish","hentry"],"_links":{"self":[{"href":"https:\/\/clearingtheair.eu\/fr\/wp-json\/wp\/v2\/pages\/8187","targetHints":{"allow":["GET"]}}],"collection":[{"href":"https:\/\/clearingtheair.eu\/fr\/wp-json\/wp\/v2\/pages"}],"about":[{"href":"https:\/\/clearingtheair.eu\/fr\/wp-json\/wp\/v2\/types\/page"}],"author":[{"embeddable":true,"href":"https:\/\/clearingtheair.eu\/fr\/wp-json\/wp\/v2\/users\/1"}],"replies":[{"embeddable":true,"href":"https:\/\/clearingtheair.eu\/fr\/wp-json\/wp\/v2\/comments?post=8187"}],"version-history":[{"count":4,"href":"https:\/\/clearingtheair.eu\/fr\/wp-json\/wp\/v2\/pages\/8187\/revisions"}],"predecessor-version":[{"id":8202,"href":"https:\/\/clearingtheair.eu\/fr\/wp-json\/wp\/v2\/pages\/8187\/revisions\/8202"}],"wp:attachment":[{"href":"https:\/\/clearingtheair.eu\/fr\/wp-json\/wp\/v2\/media?parent=8187"}],"curies":[{"name":"wp","href":"https:\/\/api.w.org\/{rel}","templated":true}]}}